{"id":17,"date":"2018-11-18T20:17:40","date_gmt":"2018-11-18T20:17:40","guid":{"rendered":"https:\/\/ennsoft.com\/tupbebek\/?page_id=17"},"modified":"2020-05-31T23:20:38","modified_gmt":"2020-05-31T20:20:38","slug":"contact","status":"publish","type":"page","link":"https:\/\/www.ademcankaracor.com\/en\/contact\/","title":{"rendered":"Contact"},"content":{"rendered":"<p><iframe loading=\"lazy\" style=\"border: 0;\" src=\"https:\/\/www.google.com\/maps\/embed?pb=!1m14!1m8!1m3!1d12034.35255512987!2d28.9973341!3d41.056135!3m2!1i1024!2i768!4f13.1!3m3!1m2!1s0x0%3A0x44d1801eb38fb619!2zRGnFnyBIZWtpbWkgKERlbnRpc3QpIEFkZW0gQ2FuIEthcmHDp29yIHwgR8O8bMO8xZ8gRGl6YXluxLEgfCBQb3JzZWxlbiBMYW1pbmF0ZSBWZW5lZXIgfCBFbWF4IHwgxLBtcGxhbnQ!5e0!3m2!1str!2str!4v1580111918343!5m2!1str!2str\" width=\"100%\" height=\"450\" frameborder=\"0\" allowfullscreen=\"allowfullscreen\"><\/iframe><\/p>\n<section class=\"divider\">\n<div class=\"container\">\n<div class=\"row pt-30\">\n<div class=\"col-md-6\">\n<h3 class=\"line-bottom mt-0 mb-30\">Bize Ula\u015f\u0131n<\/h3>\n<p><!-- Contact Form --><\/p>\n<\/div>\n<div class=\"col-md-6\">\n<div class=\"icon-box media mb-15\">\n<div class=\"media-body\">\n\n<div class=\"wpcf7 no-js\" id=\"wpcf7-f1868-o1\" lang=\"tr-TR\" dir=\"ltr\">\n<div class=\"screen-reader-response\"><p role=\"status\" aria-live=\"polite\" aria-atomic=\"true\"><\/p> <ul><\/ul><\/div>\n<form action=\"\/en\/wp-json\/wp\/v2\/pages\/17#wpcf7-f1868-o1\" method=\"post\" class=\"wpcf7-form init\" aria-label=\"Contact form\" novalidate=\"novalidate\" data-status=\"init\">\n<div style=\"display: none;\">\n<input type=\"hidden\" name=\"_wpcf7\" value=\"1868\" \/>\n<input type=\"hidden\" name=\"_wpcf7_version\" value=\"5.7.7\" \/>\n<input type=\"hidden\" name=\"_wpcf7_locale\" value=\"tr_TR\" \/>\n<input type=\"hidden\" name=\"_wpcf7_unit_tag\" value=\"wpcf7-f1868-o1\" \/>\n<input type=\"hidden\" name=\"_wpcf7_container_post\" value=\"0\" \/>\n<input type=\"hidden\" name=\"_wpcf7_posted_data_hash\" value=\"\" \/>\n<input type=\"hidden\" name=\"_wpcf7_recaptcha_response\" value=\"\" \/>\n<\/div>\n<p><label>Your name (required)<br \/>\n<span class=\"wpcf7-form-control-wrap\" data-name=\"your-name\"><input size=\"40\" class=\"wpcf7-form-control wpcf7-text wpcf7-validates-as-required\" aria-required=\"true\" aria-invalid=\"false\" value=\"\" type=\"text\" name=\"your-name\" \/><\/span> <\/label>\n<\/p>\n<p><label> Your e-mail address (required)<br \/>\n<span class=\"wpcf7-form-control-wrap\" data-name=\"your-email\"><input size=\"40\" class=\"wpcf7-form-control wpcf7-text wpcf7-email wpcf7-validates-as-required wpcf7-validates-as-email\" aria-required=\"true\" aria-invalid=\"false\" value=\"\" type=\"email\" name=\"your-email\" \/><\/span> <\/label>\n<\/p>\n<p><span class=\"wpcf7-form-control-wrap\" data-name=\"your-subject\"><span class=\"wpcf7-form-control wpcf7-radio\"><span class=\"wpcf7-list-item first\"><input type=\"radio\" name=\"your-subject\" value=\"Please contact me within 48 hours\" checked=\"checked\" \/><span class=\"wpcf7-list-item-label\">Please contact me within 48 hours<\/span><\/span><span class=\"wpcf7-list-item last\"><input type=\"radio\" name=\"your-subject\" value=\"This email is an emergency.\" \/><span class=\"wpcf7-list-item-label\">This email is an emergency.<\/span><\/span><\/span><\/span>\n<\/p>\n<p><label> Your phone number<br \/>\n<span class=\"wpcf7-form-control-wrap\" data-name=\"your-tel\"><input size=\"40\" class=\"wpcf7-form-control wpcf7-text wpcf7-tel wpcf7-validates-as-tel\" aria-invalid=\"false\" value=\"\" type=\"tel\" name=\"your-tel\" \/><\/span><br \/>\n<\/label><br \/>\n<label> Your Message<br \/>\n<span class=\"wpcf7-form-control-wrap\" data-name=\"your-message\"><textarea cols=\"40\" rows=\"10\" class=\"wpcf7-form-control wpcf7-textarea\" aria-invalid=\"false\" name=\"your-message\"><\/textarea><\/span> <\/label>\n<\/p>\n<p><input class=\"wpcf7-form-control has-spinner wpcf7-submit\" type=\"submit\" value=\"Send\" \/>\n<\/p><p style=\"display: none !important;\"><label>&#916;<textarea name=\"_wpcf7_ak_hp_textarea\" cols=\"45\" rows=\"8\" maxlength=\"100\"><\/textarea><\/label><input type=\"hidden\" id=\"ak_js_1\" name=\"_wpcf7_ak_js\" value=\"214\"\/><script>document.getElementById( \"ak_js_1\" ).setAttribute( \"value\", ( new Date() ).getTime() );<\/script><\/p><div class=\"wpcf7-response-output\" aria-hidden=\"true\"><\/div>\n<\/form>\n<\/div>\n\n<\/div>\n<\/div>\n<\/div>\n<\/div>\n<\/div>\n<\/section>\n","protected":false},"excerpt":{"rendered":"<p>Bize Ula\u015f\u0131n<\/p>\n","protected":false},"author":1,"featured_media":0,"parent":0,"menu_order":0,"comment_status":"closed","ping_status":"closed","template":"page-template\/contact-page.php","meta":[],"acf":[],"yoast_head":"<!-- This site is optimized with the Yoast SEO plugin v20.9 - https:\/\/yoast.com\/wordpress\/plugins\/seo\/ -->\n<title>Contact - Dentist | Adem Can Kara\u00e7or<\/title>\n<meta name=\"robots\" content=\"index, follow, max-snippet:-1, max-image-preview:large, max-video-preview:-1\" \/>\n<link rel=\"canonical\" href=\"https:\/\/www.ademcankaracor.com\/en\/contact\/\" \/>\n<meta property=\"og:locale\" content=\"tr_TR\" \/>\n<meta property=\"og:type\" content=\"article\" \/>\n<meta property=\"og:title\" content=\"Contact - Dentist | Adem Can Kara\u00e7or\" \/>\n<meta property=\"og:description\" content=\"Bize Ula\u015f\u0131n\" \/>\n<meta property=\"og:url\" content=\"https:\/\/www.ademcankaracor.com\/en\/contact\/\" \/>\n<meta property=\"og:site_name\" content=\"Dentist Adem Can Kara\u00e7or\" \/>\n<meta property=\"article:modified_time\" content=\"2020-05-31T20:20:38+00:00\" \/>\n<meta property=\"og:image\" content=\"https:\/\/www.ademcankaracor.com\/en\/wp-content\/uploads\/2020\/01\/dr-adem-can-karacor.jpg\" \/>\n\t<meta property=\"og:image:width\" content=\"600\" \/>\n\t<meta property=\"og:image:height\" content=\"411\" \/>\n\t<meta property=\"og:image:type\" content=\"image\/jpeg\" \/>\n<meta name=\"twitter:card\" content=\"summary_large_image\" \/>\n<script type=\"application\/ld+json\" class=\"yoast-schema-graph\">{\"@context\":\"https:\/\/schema.org\",\"@graph\":[{\"@type\":\"WebPage\",\"@id\":\"https:\/\/www.ademcankaracor.com\/en\/contact\/\",\"url\":\"https:\/\/www.ademcankaracor.com\/en\/contact\/\",\"name\":\"Contact - Dentist | Adem Can Kara\u00e7or\",\"isPartOf\":{\"@id\":\"https:\/\/www.ademcankaracor.com\/en\/#website\"},\"datePublished\":\"2018-11-18T20:17:40+00:00\",\"dateModified\":\"2020-05-31T20:20:38+00:00\",\"inLanguage\":\"tr\",\"potentialAction\":[{\"@type\":\"ReadAction\",\"target\":[\"https:\/\/www.ademcankaracor.com\/en\/contact\/\"]}]},{\"@type\":\"WebSite\",\"@id\":\"https:\/\/www.ademcankaracor.com\/en\/#website\",\"url\":\"https:\/\/www.ademcankaracor.com\/en\/\",\"name\":\"Dentist Adem Can Kara\u00e7or\",\"description\":\"\",\"potentialAction\":[{\"@type\":\"SearchAction\",\"target\":{\"@type\":\"EntryPoint\",\"urlTemplate\":\"https:\/\/www.ademcankaracor.com\/en\/?s={search_term_string}\"},\"query-input\":\"required name=search_term_string\"}],\"inLanguage\":\"tr\"}]}<\/script>\n<!-- \/ Yoast SEO plugin. -->","yoast_head_json":{"title":"Contact - Dentist | Adem Can Kara\u00e7or","robots":{"index":"index","follow":"follow","max-snippet":"max-snippet:-1","max-image-preview":"max-image-preview:large","max-video-preview":"max-video-preview:-1"},"canonical":"https:\/\/www.ademcankaracor.com\/en\/contact\/","og_locale":"tr_TR","og_type":"article","og_title":"Contact - Dentist | Adem Can Kara\u00e7or","og_description":"Bize Ula\u015f\u0131n","og_url":"https:\/\/www.ademcankaracor.com\/en\/contact\/","og_site_name":"Dentist Adem Can Kara\u00e7or","article_modified_time":"2020-05-31T20:20:38+00:00","og_image":[{"width":600,"height":411,"url":"https:\/\/www.ademcankaracor.com\/en\/wp-content\/uploads\/2020\/01\/dr-adem-can-karacor.jpg","type":"image\/jpeg"}],"twitter_card":"summary_large_image","schema":{"@context":"https:\/\/schema.org","@graph":[{"@type":"WebPage","@id":"https:\/\/www.ademcankaracor.com\/en\/contact\/","url":"https:\/\/www.ademcankaracor.com\/en\/contact\/","name":"Contact - Dentist | Adem Can Kara\u00e7or","isPartOf":{"@id":"https:\/\/www.ademcankaracor.com\/en\/#website"},"datePublished":"2018-11-18T20:17:40+00:00","dateModified":"2020-05-31T20:20:38+00:00","inLanguage":"tr","potentialAction":[{"@type":"ReadAction","target":["https:\/\/www.ademcankaracor.com\/en\/contact\/"]}]},{"@type":"WebSite","@id":"https:\/\/www.ademcankaracor.com\/en\/#website","url":"https:\/\/www.ademcankaracor.com\/en\/","name":"Dentist Adem Can Kara\u00e7or","description":"","potentialAction":[{"@type":"SearchAction","target":{"@type":"EntryPoint","urlTemplate":"https:\/\/www.ademcankaracor.com\/en\/?s={search_term_string}"},"query-input":"required name=search_term_string"}],"inLanguage":"tr"}]}},"_links":{"self":[{"href":"https:\/\/www.ademcankaracor.com\/en\/wp-json\/wp\/v2\/pages\/17"}],"collection":[{"href":"https:\/\/www.ademcankaracor.com\/en\/wp-json\/wp\/v2\/pages"}],"about":[{"href":"https:\/\/www.ademcankaracor.com\/en\/wp-json\/wp\/v2\/types\/page"}],"author":[{"embeddable":true,"href":"https:\/\/www.ademcankaracor.com\/en\/wp-json\/wp\/v2\/users\/1"}],"replies":[{"embeddable":true,"href":"https:\/\/www.ademcankaracor.com\/en\/wp-json\/wp\/v2\/comments?post=17"}],"version-history":[{"count":12,"href":"https:\/\/www.ademcankaracor.com\/en\/wp-json\/wp\/v2\/pages\/17\/revisions"}],"predecessor-version":[{"id":1883,"href":"https:\/\/www.ademcankaracor.com\/en\/wp-json\/wp\/v2\/pages\/17\/revisions\/1883"}],"wp:attachment":[{"href":"https:\/\/www.ademcankaracor.com\/en\/wp-json\/wp\/v2\/media?parent=17"}],"curies":[{"name":"wp","href":"https:\/\/api.w.org\/{rel}","templated":true}]}}